{"id":1076,"date":"2022-12-13T01:29:56","date_gmt":"2022-12-12T22:29:56","guid":{"rendered":"https:\/\/www.eserkimya.com.tr\/?page_id=1076"},"modified":"2022-12-13T01:30:37","modified_gmt":"2022-12-12T22:30:37","slug":"tesis-kurulumu","status":"publish","type":"page","link":"https:\/\/www.eserkimya.com.tr\/?page_id=1076","title":{"rendered":"Tesis Kurulumu"},"content":{"rendered":"\t\t<div data-elementor-type=\"wp-page\" data-elementor-id=\"1076\" class=\"elementor elementor-1076\">\n\t\t\t\t\t\t\t\t\t<section class=\"elementor-section elementor-top-section elementor-element elementor-element-26a1818a elementor-section-boxed elementor-section-height-default elementor-section-height-default\" data-id=\"26a1818a\" data-element_type=\"section\">\n\t\t\t\t\t\t<div class=\"elementor-container elementor-column-gap-default\">\n\t\t\t\t\t<div class=\"elementor-column elementor-col-100 elementor-top-column elementor-element elementor-element-3f6a707e\" data-id=\"3f6a707e\" data-element_type=\"column\">\n\t\t\t<div class=\"elementor-widget-wrap\">\n\t\t\t\t\t\t\t\t\t<\/div>\n\t\t<\/div>\n\t\t\t\t\t\t\t<\/div>\n\t\t<\/section>\n\t\t\t\t<section class=\"elementor-section elementor-top-section elementor-element elementor-element-eb3fcae elementor-section-boxed elementor-section-height-default elementor-section-height-default\" data-id=\"eb3fcae\" data-element_type=\"section\">\n\t\t\t\t\t\t<div class=\"elementor-container elementor-column-gap-default\">\n\t\t\t\t\t<div class=\"elementor-column elementor-col-100 elementor-top-column elementor-element elementor-element-1bb6cbf3\" data-id=\"1bb6cbf3\" data-element_type=\"column\">\n\t\t\t<div class=\"elementor-widget-wrap elementor-element-populated\">\n\t\t\t\t\t\t\t\t<div class=\"elementor-element elementor-element-778d5e61 elementor-aspect-ratio-169 elementor-widget elementor-widget-video\" data-id=\"778d5e61\" data-element_type=\"widget\" data-settings=\"{&quot;youtube_url&quot;:&quot;https:\\\/\\\/www.youtube.com\\\/watch?v=t0x4w6LIDsQ&quot;,&quot;autoplay&quot;:&quot;yes&quot;,&quot;play_on_mobile&quot;:&quot;yes&quot;,&quot;loop&quot;:&quot;yes&quot;,&quot;video_type&quot;:&quot;youtube&quot;,&quot;aspect_ratio&quot;:&quot;169&quot;}\" data-widget_type=\"video.default\">\n\t\t\t\t<div class=\"elementor-widget-container\">\n\t\t\t<style>\/*! elementor - v3.9.0 - 06-12-2022 *\/\n.elementor-widget-video .elementor-widget-container{overflow:hidden;transform:translateZ(0)}.elementor-widget-video .elementor-open-inline .elementor-custom-embed-image-overlay{position:absolute;top:0;left:0;width:100%;height:100%;background-size:cover;background-position:50%}.elementor-widget-video .elementor-custom-embed-image-overlay{cursor:pointer;text-align:center}.elementor-widget-video .elementor-custom-embed-image-overlay:hover .elementor-custom-embed-play i{opacity:1}.elementor-widget-video .elementor-custom-embed-image-overlay img{display:block;width:100%}.elementor-widget-video .e-hosted-video .elementor-video{-o-object-fit:cover;object-fit:cover}.e-con-inner>.elementor-widget-video,.e-con>.elementor-widget-video{width:var(--container-widget-width);--flex-grow:var(--container-widget-flex-grow)}<\/style>\t\t<div class=\"elementor-wrapper elementor-fit-aspect-ratio elementor-open-inline\">\n\t\t\t<div class=\"elementor-video\"><\/div>\t\t<\/div>\n\t\t\t\t<\/div>\n\t\t\t\t<\/div>\n\t\t\t\t\t<\/div>\n\t\t<\/div>\n\t\t\t\t\t\t\t<\/div>\n\t\t<\/section>\n\t\t\t\t<section class=\"elementor-section elementor-top-section elementor-element elementor-element-a0d05f2 elementor-section-content-middle elementor-section-boxed elementor-section-height-default elementor-section-height-default\" data-id=\"a0d05f2\" data-element_type=\"section\">\n\t\t\t\t\t\t<div class=\"elementor-container elementor-column-gap-default\">\n\t\t\t\t\t<div class=\"elementor-column elementor-col-100 elementor-top-column elementor-element elementor-element-27488153\" data-id=\"27488153\" data-element_type=\"column\">\n\t\t\t<div class=\"elementor-widget-wrap elementor-element-populated\">\n\t\t\t\t\t\t\t\t<div class=\"elementor-element elementor-element-c9bca2f elementor-widget elementor-widget-hub_fancy_heading\" data-id=\"c9bca2f\" data-element_type=\"widget\" data-widget_type=\"hub_fancy_heading.default\">\n\t\t\t\t<div class=\"elementor-widget-container\">\n\t\t\t\n\t\t<div id=\"ld-fancy-heading-6a07304a1c784\" class=\"ld-fancy-heading pos-rel\">\n\t\t\t<h2 class=\"ld-fh-element d-inline-block pos-rel  elementor-heading-title lqd-highlight-classic lqd-highlight-grow-left h2\"  > Eser Kimya;<\/h2>\t\t<\/div>\n\n\t\t\t\t<\/div>\n\t\t\t\t<\/div>\n\t\t\t\t<div class=\"elementor-element elementor-element-5b154b00 elementor-widget elementor-widget-hub_fancy_heading\" data-id=\"5b154b00\" data-element_type=\"widget\" data-widget_type=\"hub_fancy_heading.default\">\n\t\t\t\t<div class=\"elementor-widget-container\">\n\t\t\t\n\t\t<div id=\"ld-fancy-heading-6a07304a1fe9d\" class=\"ld-fancy-heading pos-rel\">\n\t\t\t<p class=\"ld-fh-element d-inline-block pos-rel  lqd-highlight-classic lqd-highlight-grow-left p\"  > <main style=\"z-index: 2;font-family: Nunito, sans-serif;font-size: 15px;letter-spacing: 0.2px;white-space: normal\"><div style=\"width: 1865px\"><div data-elementor-type=\"wp-page\" data-elementor-id=\"7833\"><section data-id=\"67e63608\" data-element_type=\"section\" style=\"--flex-direction: initial;--flex-wrap: initial;--justify-content: initial;--align-items: initial;--align-content: initial;--gap: initial;--flex-basis: initial;--flex-grow: initial;--flex-shrink: initial;--order: initial;--align-self: initial;flex-direction: var(--flex-direction);flex-wrap: var(--flex-wrap);justify-content: var(--justify-content);align-items: var(--align-items);align-content: var(--align-content);gap: var(--gap);flex-basis: var(--flex-basis);flex-grow: var(--flex-grow);flex-shrink: var(--flex-shrink);align-self: var(--align-self);--widgets-spacing:0px;margin-top: -35px;margin-bottom: -35px\"><div><div data-id=\"6e5391d3\" data-element_type=\"column\" style=\"--flex-direction: initial;--flex-wrap: initial;--justify-content: initial;--align-items: initial;--align-content: initial;--gap: initial;--flex-basis: initial;--flex-grow: initial;--flex-shrink: initial;--order: initial;--align-self: initial;flex-direction: var(--flex-direction);flex-wrap: var(--flex-wrap);justify-content: var(--justify-content);align-items: var(--align-items);align-content: var(--align-content);gap: var(--gap);flex-basis: var(--flex-basis);flex-grow: var(--flex-grow);flex-shrink: var(--flex-shrink);align-self: var(--align-self);--widgets-spacing:0px;width: 1170px\"><div style=\"width: 1170px;align-content: center;padding-top: 40px;padding-right: 120px;padding-bottom: 35px;align-items: center\"><div data-id=\"196f7db4\" data-element_type=\"widget\" data-widget_type=\"hub_fancy_heading.default\" style=\"--flex-direction: initial;--flex-wrap: initial;--justify-content: initial;--align-items: initial;--align-content: initial;--gap: initial;--flex-basis: initial;--flex-grow: initial;--flex-shrink: initial;--order: initial;--align-self: initial;flex-direction: var(--flex-direction);flex-wrap: var(--flex-wrap);justify-content: var(--justify-content);align-items: var(--align-items);align-content: var(--align-content);gap: var(--gap);flex-basis: var(--flex-basis);flex-grow: var(--flex-grow);flex-shrink: var(--flex-shrink);align-self: var(--align-self);--widgets-spacing:0px;width: 1040px\"><div style=\"padding: 0px\"><div><p>Galvano Kimyasallar\u0131 \u00fcretimi d\u0131\u015f\u0131nda tam otomatik, yar\u0131 otomatik ve manuel galvano tesislerinin proje, \u00fcretim ve montaj\u0131n\u0131 gerek yurti\u00e7i gerek yurd\u0131\u015f\u0131nda anahtar teslim i\u015fletime almaktad\u0131r. Bunlar y\u00fcksek kalitedeki kaplamalar\u0131n maksimum kapasite kullan\u0131m\u0131n\u0131 ve rekabet edilebilir birim fiyatlar\u0131yla yap\u0131labilmesi nedeniyle sekt\u00f6r\u00fcn en prestijli tesisleri konumundad\u0131r.<\/p><\/div><\/div><\/div><\/div><\/div><\/div><\/section><\/div><\/div><\/main><\/p>\t\t<\/div>\n\n\t\t\t\t<\/div>\n\t\t\t\t<\/div>\n\t\t\t\t\t<\/div>\n\t\t<\/div>\n\t\t\t\t\t\t\t<\/div>\n\t\t<\/section>\n\t\t\t\t\t\t\t<\/div>\n\t\t","protected":false},"excerpt":{"rendered":"<p>Eser Kimya; Galvano Kimyasallar\u0131 \u00fcretimi d\u0131\u015f\u0131nda tam otomatik, yar\u0131 otomatik ve manuel galvano tesislerinin proje, \u00fcretim ve montaj\u0131n\u0131 gerek yurti\u00e7i gerek yurd\u0131\u015f\u0131nda anahtar teslim i\u015fletime almaktad\u0131r. Bunlar y\u00fcksek kalitedeki kaplamalar\u0131n maksimum kapasite kullan\u0131m\u0131n\u0131 ve rekabet edilebilir birim fiyatlar\u0131yla yap\u0131labilmesi nedeniyle sekt\u00f6r\u00fcn en prestijli tesisleri konumundad\u0131r.<\/p>\n","protected":false},"author":1,"featured_media":0,"parent":0,"menu_order":0,"comment_status":"closed","ping_status":"closed","template":"","meta":{"footnotes":""},"class_list":["post-1076","page","type-page","status-publish","hentry"],"_links":{"self":[{"href":"https:\/\/www.eserkimya.com.tr\/index.php?rest_route=\/wp\/v2\/pages\/1076","targetHints":{"allow":["GET"]}}],"collection":[{"href":"https:\/\/www.eserkimya.com.tr\/index.php?rest_route=\/wp\/v2\/pages"}],"about":[{"href":"https:\/\/www.eserkimya.com.tr\/index.php?rest_route=\/wp\/v2\/types\/page"}],"author":[{"embeddable":true,"href":"https:\/\/www.eserkimya.com.tr\/index.php?rest_route=\/wp\/v2\/users\/1"}],"replies":[{"embeddable":true,"href":"https:\/\/www.eserkimya.com.tr\/index.php?rest_route=%2Fwp%2Fv2%2Fcomments&post=1076"}],"version-history":[{"count":5,"href":"https:\/\/www.eserkimya.com.tr\/index.php?rest_route=\/wp\/v2\/pages\/1076\/revisions"}],"predecessor-version":[{"id":1082,"href":"https:\/\/www.eserkimya.com.tr\/index.php?rest_route=\/wp\/v2\/pages\/1076\/revisions\/1082"}],"wp:attachment":[{"href":"https:\/\/www.eserkimya.com.tr\/index.php?rest_route=%2Fwp%2Fv2%2Fmedia&parent=1076"}],"curies":[{"name":"wp","href":"https:\/\/api.w.org\/{rel}","templated":true}]}}