{"id":1562,"date":"2022-12-13T23:33:19","date_gmt":"2022-12-13T20:33:19","guid":{"rendered":"https:\/\/www.eserkimya.com.tr\/?page_id=1562"},"modified":"2022-12-13T23:34:21","modified_gmt":"2022-12-13T20:34:21","slug":"sirket-profili","status":"publish","type":"page","link":"https:\/\/www.eserkimya.com.tr\/?page_id=1562","title":{"rendered":"\u015eirket Profili"},"content":{"rendered":"\t\t<div data-elementor-type=\"wp-page\" data-elementor-id=\"1562\" class=\"elementor elementor-1562\">\n\t\t\t\t\t\t\t\t\t<section class=\"elementor-section elementor-top-section elementor-element elementor-element-7c231fe7 elementor-section-height-min-height elementor-section-content-middle elementor-hidden-tablet elementor-hidden-mobile elementor-section-boxed elementor-section-height-default elementor-section-items-middle\" data-id=\"7c231fe7\" data-element_type=\"section\" data-settings=\"{&quot;background_background&quot;:&quot;classic&quot;}\">\n\t\t\t\t\t\t\t<div class=\"elementor-background-overlay\"><\/div>\n\t\t\t\t\t\t\t<div class=\"elementor-container elementor-column-gap-no\">\n\t\t\t\t\t<div class=\"elementor-column elementor-col-100 elementor-top-column elementor-element elementor-element-4d3e7a00\" data-id=\"4d3e7a00\" data-element_type=\"column\">\n\t\t\t<div class=\"elementor-widget-wrap\">\n\t\t\t\t\t\t\t\t\t<\/div>\n\t\t<\/div>\n\t\t\t\t\t\t\t<\/div>\n\t\t<\/section>\n\t\t\t\t<section class=\"elementor-section elementor-top-section elementor-element elementor-element-4693d62a elementor-section-boxed elementor-section-height-default elementor-section-height-default\" data-id=\"4693d62a\" data-element_type=\"section\">\n\t\t\t\t\t\t<div class=\"elementor-container elementor-column-gap-default\">\n\t\t\t\t\t<div class=\"elementor-column elementor-col-100 elementor-top-column elementor-element elementor-element-59ed5638\" data-id=\"59ed5638\" data-element_type=\"column\">\n\t\t\t<div class=\"elementor-widget-wrap elementor-element-populated\">\n\t\t\t\t\t\t\t\t<div class=\"elementor-element elementor-element-5ee76cbb elementor-widget elementor-widget-hub_fancy_heading\" data-id=\"5ee76cbb\" data-element_type=\"widget\" data-widget_type=\"hub_fancy_heading.default\">\n\t\t\t\t<div class=\"elementor-widget-container\">\n\t\t\t\n\t\t<div id=\"ld-fancy-heading-69f9f51124a9a\" class=\"ld-fancy-heading pos-rel\">\n\t\t\t<h1 class=\"ld-fh-element d-inline-block pos-rel  elementor-heading-title lqd-highlight-classic lqd-highlight-grow-left h1\"  > \u015e\u0130RKET PROF\u0130L\u0130 <\/h1>\t\t<\/div>\n\n\t\t\t\t<\/div>\n\t\t\t\t<\/div>\n\t\t\t\t\t<\/div>\n\t\t<\/div>\n\t\t\t\t\t\t\t<\/div>\n\t\t<\/section>\n\t\t\t\t<section class=\"elementor-section elementor-top-section elementor-element elementor-element-60ea3bfe elementor-section-content-middle elementor-reverse-mobile elementor-section-boxed elementor-section-height-default elementor-section-height-default\" data-id=\"60ea3bfe\" data-element_type=\"section\" data-settings=\"{&quot;background_background&quot;:&quot;classic&quot;}\">\n\t\t\t\t\t\t\t<div class=\"elementor-background-overlay\"><\/div>\n\t\t\t\t\t\t\t<div class=\"elementor-container elementor-column-gap-extended\">\n\t\t\t\t\t<div class=\"elementor-column elementor-col-50 elementor-top-column elementor-element elementor-element-7d31d77d\" data-id=\"7d31d77d\" data-element_type=\"column\">\n\t\t\t<div class=\"elementor-widget-wrap elementor-element-populated\">\n\t\t\t\t\t\t\t\t<div class=\"elementor-element elementor-element-6a92af00 elementor-widget elementor-widget-hub_fancy_heading\" data-id=\"6a92af00\" data-element_type=\"widget\" data-widget_type=\"hub_fancy_heading.default\">\n\t\t\t\t<div class=\"elementor-widget-container\">\n\t\t\t\n\t\t<div id=\"ld-fancy-heading-69f9f511297fe\" class=\"ld-fancy-heading pos-rel\">\n\t\t\t<p class=\"ld-fh-element d-inline-block pos-rel  lqd-highlight-classic lqd-highlight-grow-left p\"  > <h4 style=\"margin-bottom: 0.5em;letter-spacing: normal;white-space: normal\"><span style=\"font-weight: normal\">Eser Kimya Sanayi ve Ticaret A.S. 1999 y\u0131l\u0131nda kurulmu\u015ftur. \u00c7ok say\u0131da galvano kimyasal\u0131n\u0131 kendi form\u00fclleriyle T\u00fcrkiye'de \u00fcretmektedir.<\/span><\/h5><\/p>\t\t<\/div>\n\n\t\t\t\t<\/div>\n\t\t\t\t<\/div>\n\t\t\t\t\t<\/div>\n\t\t<\/div>\n\t\t\t\t<div class=\"elementor-column elementor-col-50 elementor-top-column elementor-element elementor-element-b619bbf\" data-id=\"b619bbf\" data-element_type=\"column\">\n\t\t\t<div class=\"elementor-widget-wrap elementor-element-populated\">\n\t\t\t\t\t\t\t\t<div class=\"elementor-element elementor-element-7cda6ffa elementor-widget elementor-widget-ld_fancy_image\" data-id=\"7cda6ffa\" data-element_type=\"widget\" data-widget_type=\"ld_fancy_image.default\">\n\t\t\t\t<div class=\"elementor-widget-container\">\n\t\t\t\n\t\t\t<div class=\"lqd-imggrp-single d-block pos-rel\"   >\n\t\t\t\t\n\t\t\t<div class=\"lqd-imggrp-img-container d-inline-flex pos-rel align-items-center justify-content-center\">\n\t\t\t\t\t\t\t\t<figure class=\"w-100 pos-rel\"   >\n\t\t\t\t\t<img decoding=\"async\" width=\"450\" height=\"600\" src=\"https:\/\/www.eserkimya.com.tr\/wp-content\/uploads\/2022\/12\/eserkimya-giris.png\" class=\"attachment-medium_large size-medium_large wp-image-959\" alt=\"\" srcset=\"https:\/\/www.eserkimya.com.tr\/wp-content\/uploads\/2022\/12\/eserkimya-giris.png 450w, https:\/\/www.eserkimya.com.tr\/wp-content\/uploads\/2022\/12\/eserkimya-giris-225x300.png 225w\" sizes=\"(max-width: 450px) 100vw, 450px\" itemprop=\"image\" \/>\t\t\t\t\t\t\t\t\t\t\t\t\t\t\t\t\t\t\t\t\t\t\t\t\t\t\t\t\t<\/figure>\n\t\t\t\t\t\n\t\t\t<\/div>\n\t\t<\/div>\n\n\t\t\t<\/div>\n\t\t\t\t<\/div>\n\t\t\t\t\t<\/div>\n\t\t<\/div>\n\t\t\t\t\t\t\t<\/div>\n\t\t<\/section>\n\t\t\t\t<section class=\"elementor-section elementor-top-section elementor-element elementor-element-4be37e0b elementor-section-boxed elementor-section-height-default elementor-section-height-default\" data-id=\"4be37e0b\" data-element_type=\"section\" data-settings=\"{&quot;background_background&quot;:&quot;classic&quot;}\">\n\t\t\t\t\t\t<div class=\"elementor-container elementor-column-gap-default\">\n\t\t\t\t\t<div class=\"elementor-column elementor-col-50 elementor-top-column elementor-element elementor-element-1ce2b145\" data-id=\"1ce2b145\" data-element_type=\"column\">\n\t\t\t<div class=\"elementor-widget-wrap elementor-element-populated\">\n\t\t\t\t\t\t\t\t<div class=\"elementor-element elementor-element-79ce5734 elementor-widget__width-initial elementor-widget elementor-widget-ld_fancy_image\" data-id=\"79ce5734\" data-element_type=\"widget\" data-widget_type=\"ld_fancy_image.default\">\n\t\t\t\t<div class=\"elementor-widget-container\">\n\t\t\t\n\t\t\t<div class=\"lqd-imggrp-single d-block pos-rel\"   >\n\t\t\t\t\n\t\t\t<div class=\"lqd-imggrp-img-container d-inline-flex pos-rel align-items-center justify-content-center\">\n\t\t\t\t\t\t\t\t<figure class=\"w-100 pos-rel\"   >\n\t\t\t\t\t<img decoding=\"async\" width=\"1536\" height=\"2048\" src=\"data:image\/svg+xml;charset=utf-8,%3Csvg xmlns%3D&#039;http%3A%2F%2Fwww.w3.org%2F2000%2Fsvg&#039; viewBox%3D&#039;0 0 1536 2048&#039;%2F%3E\" class=\"attachment-full size-full wp-image-1564 ld-lazyload\" alt=\"\" itemprop=\"image\" data-src=\"https:\/\/www.eserkimya.com.tr\/wp-content\/uploads\/2022\/12\/6f31b7ec-c7fc-4513-b910-dabec0c9bd55-1.jpg\" data-srcset=\"https:\/\/www.eserkimya.com.tr\/wp-content\/uploads\/2022\/12\/6f31b7ec-c7fc-4513-b910-dabec0c9bd55-1.jpg 1536w, https:\/\/www.eserkimya.com.tr\/wp-content\/uploads\/2022\/12\/6f31b7ec-c7fc-4513-b910-dabec0c9bd55-1-225x300.jpg 225w, https:\/\/www.eserkimya.com.tr\/wp-content\/uploads\/2022\/12\/6f31b7ec-c7fc-4513-b910-dabec0c9bd55-1-768x1024.jpg 768w, https:\/\/www.eserkimya.com.tr\/wp-content\/uploads\/2022\/12\/6f31b7ec-c7fc-4513-b910-dabec0c9bd55-1-1152x1536.jpg 1152w\" data-sizes=\"(max-width: 1536px) 100vw, 1536px\" data-aspect=\"0.75\" \/>\t\t\t\t\t\t\t\t\t\t\t\t\t\t\t\t\t\t\t\t\t\t\t\t\t\t\t\t\t<\/figure>\n\t\t\t\t\t\n\t\t\t<\/div>\n\t\t<\/div>\n\n\t\t\t<\/div>\n\t\t\t\t<\/div>\n\t\t\t\t\t<\/div>\n\t\t<\/div>\n\t\t\t\t<div class=\"elementor-column elementor-col-50 elementor-top-column elementor-element elementor-element-75443be7\" data-id=\"75443be7\" data-element_type=\"column\">\n\t\t\t<div class=\"elementor-widget-wrap elementor-element-populated\">\n\t\t\t\t\t\t\t\t<div class=\"elementor-element elementor-element-763bfa78 elementor-widget elementor-widget-hub_fancy_heading\" data-id=\"763bfa78\" data-element_type=\"widget\" data-widget_type=\"hub_fancy_heading.default\">\n\t\t\t\t<div class=\"elementor-widget-container\">\n\t\t\t\n\t\t<div id=\"ld-fancy-heading-69f9f51141b5f\" class=\"ld-fancy-heading pos-rel\">\n\t\t\t<p class=\"ld-fh-element d-inline-block pos-rel  lqd-highlight-classic lqd-highlight-grow-left p\"  > <br><span style=\"font-family: Nunito, sans-serif;letter-spacing: 0.2px;white-space: normal\">2004 y\u0131l\u0131nda Kalite y\u00f6netim sistemi \u00e7al\u0131\u015fmalar\u0131 sonu\u00e7land\u0131r\u0131larak, T\u00fcrkiye\u2019de sekt\u00f6r\u00fcn ilk ISO 9001-2000 belgesini alan firma \u00fcnvan\u0131 kazan\u0131lm\u0131\u015ft\u0131r.&nbsp;Yine sekt\u00f6rde ilk olarak g\u00fcvenlik sertifikas\u0131 (MSDS) haz\u0131rlama belgesine sahip olunmu\u015ftur.<\/span><br>\n<span style=\"font-family: Nunito, sans-serif;letter-spacing: 0.2px;white-space: normal\">Uluslararas\u0131 kalite standartlar\u0131nda \u00fcretim yapan firmam\u0131z yurti\u00e7i ve yurtd\u0131\u015f\u0131 pazarda s\u00f6z sahibi olmu\u015ftur.&nbsp; B\u00fcnyesindeki modern cihazlarla (Cass ve tuz sisi testi, iyon kromotograf,&nbsp; polarograf, siklik voltammetre, X-ray kal\u0131nl\u0131k \u00f6l\u00e7me spektrofotometresi, tahribatl\u0131 kal\u0131nl\u0131k \u00f6l\u00e7me, atomik absorbsiyon spektrofotometresi, UV \u2013 VIS spektrofotometresi , ISE , otomatik titrat\u00f6r, mikro sertlik cihaz\u0131 vs)&nbsp; kimya ve fizik laboratuvarlar\u0131m\u0131zda, \u00f6zellikle daha \u00e7evreci kimyasallar \u00fcretebilmek \u00fczere AR-GE \u00e7al\u0131\u015fmalar\u0131 yap\u0131lmaktad\u0131r.<\/span><br><br><span style=\"font-family: Nunito, sans-serif;letter-spacing: 0.2px;white-space: normal\">Eser Kimya,&nbsp; galvano kimyasallar\u0131 \u00fcretimi d\u0131\u015f\u0131nda tam otomatik galvano tesislerinin proje, \u00fcretim ve montaj\u0131n\u0131 yaparak anahtar teslimi i\u015fletmeye almaktad\u0131r. Bunlar, y\u00fcksek kalitedeki kaplamalar\u0131n maksimum&nbsp; kapasite kullan\u0131m\u0131 ve rekabet edebilir birim fiyatlarla yapabilmesi nedeniyle,&nbsp; sekt\u00f6r\u00fcn en prestijli tesisleri konumundad\u0131rlar.<\/span><br><\/p>\t\t<\/div>\n\n\t\t\t\t<\/div>\n\t\t\t\t<\/div>\n\t\t\t\t\t<\/div>\n\t\t<\/div>\n\t\t\t\t\t\t\t<\/div>\n\t\t<\/section>\n\t\t\t\t\t\t\t<\/div>\n\t\t","protected":false},"excerpt":{"rendered":"<p>\u015e\u0130RKET PROF\u0130L\u0130 Eser Kimya Sanayi ve Ticaret A.S. 1999 y\u0131l\u0131nda kurulmu\u015ftur. \u00c7ok say\u0131da galvano kimyasal\u0131n\u0131 kendi form\u00fclleriyle T\u00fcrkiye&#8217;de \u00fcretmektedir. 2004 y\u0131l\u0131nda Kalite y\u00f6netim sistemi \u00e7al\u0131\u015fmalar\u0131 sonu\u00e7land\u0131r\u0131larak, T\u00fcrkiye\u2019de sekt\u00f6r\u00fcn ilk ISO 9001-2000 belgesini alan firma \u00fcnvan\u0131 kazan\u0131lm\u0131\u015ft\u0131r.&nbsp;Yine sekt\u00f6rde ilk olarak g\u00fcvenlik sertifikas\u0131 (MSDS) haz\u0131rlama belgesine sahip olunmu\u015ftur. Uluslararas\u0131 kalite standartlar\u0131nda \u00fcretim yapan firmam\u0131z yurti\u00e7i ve yurtd\u0131\u015f\u0131 [&hellip;]<\/p>\n","protected":false},"author":1,"featured_media":0,"parent":0,"menu_order":0,"comment_status":"closed","ping_status":"closed","template":"","meta":{"footnotes":""},"class_list":["post-1562","page","type-page","status-publish","hentry"],"_links":{"self":[{"href":"https:\/\/www.eserkimya.com.tr\/index.php?rest_route=\/wp\/v2\/pages\/1562","targetHints":{"allow":["GET"]}}],"collection":[{"href":"https:\/\/www.eserkimya.com.tr\/index.php?rest_route=\/wp\/v2\/pages"}],"about":[{"href":"https:\/\/www.eserkimya.com.tr\/index.php?rest_route=\/wp\/v2\/types\/page"}],"author":[{"embeddable":true,"href":"https:\/\/www.eserkimya.com.tr\/index.php?rest_route=\/wp\/v2\/users\/1"}],"replies":[{"embeddable":true,"href":"https:\/\/www.eserkimya.com.tr\/index.php?rest_route=%2Fwp%2Fv2%2Fcomments&post=1562"}],"version-history":[{"count":5,"href":"https:\/\/www.eserkimya.com.tr\/index.php?rest_route=\/wp\/v2\/pages\/1562\/revisions"}],"predecessor-version":[{"id":1571,"href":"https:\/\/www.eserkimya.com.tr\/index.php?rest_route=\/wp\/v2\/pages\/1562\/revisions\/1571"}],"wp:attachment":[{"href":"https:\/\/www.eserkimya.com.tr\/index.php?rest_route=%2Fwp%2Fv2%2Fmedia&parent=1562"}],"curies":[{"name":"wp","href":"https:\/\/api.w.org\/{rel}","templated":true}]}}